{"id":1300,"date":"2018-03-09T06:48:57","date_gmt":"2018-03-09T05:48:57","guid":{"rendered":"https:\/\/new.sola-prihodnosti.si\/general-terms-of-use-of-the-website\/"},"modified":"2018-03-09T06:58:26","modified_gmt":"2018-03-09T05:58:26","slug":"general-terms","status":"publish","type":"page","link":"https:\/\/www.sola-prihodnosti.si\/en\/general-terms\/","title":{"rendered":"General terms of use of the website"},"content":{"rendered":"<p>[et_pb_section bb_built=&#8221;1&#8243; admin_label=&#8221;Page heading section&#8221; custom_padding_last_edited=&#8221;off|desktop&#8221; _builder_version=&#8221;3.0.105&#8243; use_background_color_gradient=&#8221;on&#8221; background_color_gradient_start=&#8221;#B3E5FC&#8221; background_color_gradient_end=&#8221;#03A9F4&#8243; background_color_gradient_direction=&#8221;125deg&#8221; background_image=&#8221;\/wp-content\/uploads\/2018\/03\/overlay_base.png&#8221; background_blend=&#8221;overlay&#8221; custom_padding=&#8221;3%||7%|&#8221; custom_padding_tablet=&#8221;|||&#8221; bottom_divider_style=&#8221;asymmetric2&#8243; bottom_divider_color=&#8221;#ffffff&#8221; bottom_divider_height_tablet=&#8221;75px&#8221; bottom_divider_height_phone=&#8221;50px&#8221; bottom_divider_height_last_edited=&#8221;on|phone&#8221; animation_direction=&#8221;bottom&#8221; next_background_color=&#8221;#000000&#8243;][et_pb_row _builder_version=&#8221;3.0.101&#8243; module_alignment=&#8221;center&#8221;][et_pb_column type=&#8221;4_4&#8243;][et_pb_text background_layout=&#8221;dark&#8221; _builder_version=&#8221;3.0.105&#8243; text_font=&#8221;Nunito Sans||||||||&#8221; text_font_size=&#8221;18px&#8221; text_font_size_last_edited=&#8221;on|phone&#8221; text_text_color=&#8221;#535b7c&#8221; text_line_height=&#8221;1.8em&#8221; header_font=&#8221;Nunito Sans|700|||||||&#8221; header_font_size=&#8221;45px&#8221; header_text_color=&#8221;#535b7c&#8221; header_line_height=&#8221;1.3em&#8221; max_width=&#8221;700px&#8221; module_alignment=&#8221;left&#8221; custom_padding_last_edited=&#8221;on|desktop&#8221;]<\/p>\n<h1>General terms of use of the website<\/h1>\n<p>You are on the \u0160ola prihodnosti Martibor&#8217;s website. Your access to this site and its use are governed by these general terms and conditions.<\/p>\n<p>[\/et_pb_text][\/et_pb_column][\/et_pb_row][\/et_pb_section][et_pb_section bb_built=&#8221;1&#8243; _builder_version=&#8221;3.0.47&#8243; collapsed=&#8221;off&#8221; prev_background_color=&#8221;#000000&#8243; next_background_color=&#8221;#000000&#8243;][et_pb_row _builder_version=&#8221;3.0.47&#8243; background_size=&#8221;initial&#8221; background_position=&#8221;top_left&#8221; background_repeat=&#8221;repeat&#8221;][et_pb_column type=&#8221;1_2&#8243;][et_pb_text _builder_version=&#8221;3.0.105&#8243; header_2_font=&#8221;|600|||||||&#8221;]<\/p>\n<h2>General<\/h2>\n<p>The owner of the web pages and the web domain www.sola-prihodnosti.si (hereinafter: the website) is the \u0160ola prihodnosti Maribor, Ulica \u0161kofa Maksimilijana Dr\u017ee\u010dnika 6, SI-2000 Maribor, Slovenia; registration number: 3557286000 (hereinafter: \u0160PM).<\/p>\n<p>The use of a website (browsing, opening links, reading content, etc.) and the use of various web forms on the site is considered as the consent of the visitor to the website to agree with these general terms of use. If you do not agree to these general terms as a visitor to the site, please do not use the website.<\/p>\n<p>These general terms and conditions apply to the entire site and all of its individual parts, such as sections, sub-pages or forms, unless explicitly specified otherwise for each section.<\/p>\n<p>\u0160PM reserves the right to change these general terms and conditions at any time and without prior notice by publishing the new version on the website.<\/p>\n<p>[\/et_pb_text][et_pb_text _builder_version=&#8221;3.0.105&#8243; header_2_font=&#8221;|600|||||||&#8221;]<\/p>\n<h2>Site content<\/h2>\n<p>Notices, articles, articles, publications, texts and other content published on the website (hereinafter: content) and forms have been created with the best intention to provide useful and useful content for visitors to the website (hereinafter: users) . \u0160PM attempts to ensure the correctness and correctness of this information and content and the proper functioning of the forms by maintaining the website at its best.<\/p>\n<p>In the event that the information that is obtained from other sources is published on the website, it is given a source, or it is warned by means of a web link to the source.<\/p>\n<p>\u0160PM reserves the right to modify, add or remove content or forms on the site without prior notice, and does not assume any responsibility for any consequences of such changes.<\/p>\n<p>The website also links links that point to other people&#8217;s websites. The operation of these pages and their contents can not be influenced by the \u0160PM and accept no responsibility for the accuracy of the information and content posted therein.<\/p>\n<p>The rules on limiting the liability for the use of content and forms on a website are in the <strong>Exclusion of liability when using the website and forms<\/strong> of these general terms and conditions.<\/p>\n<p>[\/et_pb_text][et_pb_text _builder_version=&#8221;3.0.105&#8243; header_2_font=&#8221;|600|||||||&#8221;]<\/p>\n<h2>Protection of personal data<\/h2>\n<p>\u0160PM protects the personal information of visitors to the site that they provide to him when they are used. Personal data is processed exclusively for the purposes for which it is collected and permitted by applicable law.<\/p>\n<p>Personal data controllers, including contact information, will not be used for any other purpose, and \u0160PM will not transmit them to third parties without the express prior authorization of the data subject unless they are bound by the regulations.<\/p>\n<p>When visiting a web page, some data (IP address, date, time, page address from which you are coming from) are stored on the server. This data is used only to ensure the proper level of website security and web hosting.<\/p>\n<p>\u0160PM implements the necessary organizational, technical and logical technical procedures and measures to protect personal data, prevents accidental or deliberate unauthorized destruction of data, their alteration or loss, and unauthorized processing.<\/p>\n<p>[\/et_pb_text][\/et_pb_column][et_pb_column type=&#8221;1_2&#8243;][et_pb_text _builder_version=&#8221;3.0.105&#8243; header_2_font=&#8221;|600|||||||&#8221;]<\/p>\n<h2>Exclusion of liability when using the website and forms<\/h2>\n<p>Site visitors use the site, its parts, content and forms, exclusively at your own risk.<\/p>\n<p>\u0160PM does not assume any responsibility for the accuracy and regularity of the published information and content on the website, does not assume responsibility for changing the published information or content, and does not assume responsibility for any damage caused to the site visitor due to the use of the information or content, including damage due to lost revenue or the expected profit, loss or impairment of goodwill, loss of business or loss of data.<\/p>\n<p>[\/et_pb_text][et_pb_text _builder_version=&#8221;3.0.105&#8243; header_2_font=&#8221;|600|||||||&#8221;]<\/p>\n<h2>Copyright<\/h2>\n<p>All content, graphic and other elements on the site are subject to copyright protection and other forms of intellectual property protection.<\/p>\n<p>Unless otherwise stated in the content on a web site, the contents of the website are allowed to be freely reproduced and distributed in electronic form or made available to the public, all exclusively for non-commercial (non-commercial) purposes, provided that they do not change , does not process, and the resource is given in the form of an active link named &#8220;School of the future of Maribor&#8221;, which points to the specific web site of the SPM, depending on the content from which it was reproduced.<\/p>\n<p>Content on a website may not be reproduced, distributed or otherwise processed, or used for commercial purposes without the prior written consent of the \u0160PM.<\/p>\n<p>[\/et_pb_text][et_pb_text _builder_version=&#8221;3.0.105&#8243; header_2_font=&#8221;|600|||||||&#8221;]<\/p>\n<h2>Contact details<\/h2>\n<p>If you have discovered an error, inaccuracy, obscenity or any other defect on the site, please inform us at info@sola-prihodnosti.si. You can also tell us about your request to withdraw your personal information from your site.<\/p>\n<p>Each individual may require the \u0160PM to withdraw his\/her personal information on the site, which also includes an image or video clip on which an individual appears. In this case, the \u0160PM will immediately withdraw personal information from its website, but it will not be responsible for publishing this information, recordings on other servers posted by other people.<\/p>\n<p>[\/et_pb_text][et_pb_image src=&#8221;\/wp-content\/uploads\/2018\/03\/tracking.png&#8221; _builder_version=&#8221;3.0.106&#8243; animation_style=&#8221;zoom&#8221; animation_direction=&#8221;right&#8221; animation_intensity_zoom=&#8221;5%&#8221; show_in_lightbox=&#8221;off&#8221; url_new_window=&#8221;off&#8221; use_overlay=&#8221;off&#8221; always_center_on_mobile=&#8221;on&#8221; force_fullwidth=&#8221;off&#8221; show_bottom_space=&#8221;on&#8221; \/][\/et_pb_column][\/et_pb_row][\/et_pb_section][et_pb_section bb_built=&#8221;1&#8243; admin_label=&#8221;Page heading section&#8221; module_id=&#8221;cookies&#8221; custom_padding_last_edited=&#8221;off|desktop&#8221; _builder_version=&#8221;3.0.106&#8243; use_background_color_gradient=&#8221;on&#8221; background_color_gradient_start=&#8221;#B3E5FC&#8221; background_color_gradient_end=&#8221;#03A9F4&#8243; background_color_gradient_direction=&#8221;125deg&#8221; background_image=&#8221;\/wp-content\/uploads\/2018\/03\/overlay_base.png&#8221; background_blend=&#8221;overlay&#8221; custom_padding=&#8221;3%||7%|&#8221; custom_padding_tablet=&#8221;|||&#8221; top_divider_style=&#8221;slant2&#8243; top_divider_color=&#8221;#ffffff&#8221; bottom_divider_style=&#8221;slant2&#8243; bottom_divider_color=&#8221;#ffffff&#8221; bottom_divider_height_tablet=&#8221;75px&#8221; bottom_divider_height_phone=&#8221;50px&#8221; bottom_divider_height_last_edited=&#8221;on|tablet&#8221; animation_direction=&#8221;bottom&#8221; prev_background_color=&#8221;#000000&#8243; next_background_color=&#8221;#000000&#8243;][et_pb_row _builder_version=&#8221;3.0.101&#8243; module_alignment=&#8221;center&#8221;][et_pb_column type=&#8221;4_4&#8243;][et_pb_text background_layout=&#8221;dark&#8221; _builder_version=&#8221;3.0.105&#8243; text_font=&#8221;Nunito Sans||||||||&#8221; text_font_size=&#8221;18px&#8221; text_font_size_last_edited=&#8221;on|phone&#8221; text_text_color=&#8221;#535b7c&#8221; text_line_height=&#8221;1.8em&#8221; header_font=&#8221;Nunito Sans|700|||||||&#8221; header_font_size=&#8221;45px&#8221; header_text_color=&#8221;#535b7c&#8221; header_line_height=&#8221;1.3em&#8221; header_2_font=&#8221;|700|||||||&#8221; header_2_font_size=&#8221;35px&#8221; max_width=&#8221;700px&#8221; module_alignment=&#8221;left&#8221; custom_padding_last_edited=&#8221;on|desktop&#8221;]<\/p>\n<h1>Cookies<\/h1>\n<p>On the web, term <em>cookie<\/em> means a text file that is stored in a browser and allows you to track user behaviour.<\/p>\n<p>[\/et_pb_text][\/et_pb_column][\/et_pb_row][\/et_pb_section][et_pb_section bb_built=&#8221;1&#8243; _builder_version=&#8221;3.0.106&#8243; custom_padding=&#8221;0px|0px|54px|0px&#8221; prev_background_color=&#8221;#000000&#8243;][et_pb_row _builder_version=&#8221;3.0.106&#8243;][et_pb_column type=&#8221;4_4&#8243;][et_pb_text _builder_version=&#8221;3.0.105&#8243;]<\/p>\n<p>On this site we use cookies necessary to enable the operation of the basic functionality. Such cookies are:<\/p>\n<p>[\/et_pb_text][et_pb_code _builder_version=&#8221;3.0.105&#8243;][table id=3 responsive=collapse \/][\/et_pb_code][et_pb_text _builder_version=&#8221;3.0.105&#8243;]<\/p>\n<p>In addition to the necessary, we also use cookies on this site, which enable the basic tracking of the use of the site. These cookies are:<\/p>\n<p>[\/et_pb_text][et_pb_code _builder_version=&#8221;3.0.105&#8243;][table id=4 responsive=collapse \/][\/et_pb_code][et_pb_text _builder_version=&#8221;3.0.105&#8243;]<\/p>\n<p>Social networks such as Facebook, Google+, and Twitter may be installing cookies when visiting websites, at the same time, you will be logged into their service at the same time. \u0160PM cannot control these cookies, as their use is governed by the terms of the use you have accepted as a user of these networks when registering on these networks.<\/p>\n<p>[\/et_pb_text][\/et_pb_column][\/et_pb_row][et_pb_row _builder_version=&#8221;3.0.105&#8243;][et_pb_column type=&#8221;1_2&#8243;][et_pb_blurb title=&#8221;Cookie management&#8221; use_icon=&#8221;on&#8221; font_icon=&#8221;%%162%%&#8221; icon_placement=&#8221;left&#8221; _builder_version=&#8221;3.0.105&#8243; header_level=&#8221;h3&#8243; header_font=&#8221;|600|||||||&#8221;]<\/p>\n<p>You can control or delete stored cookies via your web browser. In the event that you delete the cookies or after they expire, your site will again alert you to their use. For more information about cookie settings and how to delete them in a particular web browser, see the list.<\/p>\n<p>[\/et_pb_blurb][\/et_pb_column][et_pb_column type=&#8221;1_2&#8243;][et_pb_text _builder_version=&#8221;3.0.105&#8243;]<\/p>\n<h3>Instructions for handling cookies<\/h3>\n<p><a href=\"http:\/\/support.mozilla.org\/sl\/kb\/Kako%20aktivirate%20in%20deaktivirate%20pi%C5%A1kote\" target=\"_blank\" rel=\"noopener\">Firefox<\/a><br \/>\n<a href=\"https:\/\/support.google.com\/chrome\/answer\/95647?hl=sl-sl&amp;p=cpn_cookies\" target=\"_blank\" rel=\"noopener\">Chrome<\/a><br \/>\n<a href=\"http:\/\/windows.microsoft.com\/sl-si\/internet-explorer\/delete-manage-cookies#ie=ie-11\" target=\"_blank\" rel=\"noopener\">Internet Explorer<\/a><br \/>\n<a href=\"http:\/\/windows.microsoft.com\/sl-si\/windows-10\/edge-privacy-faq\" target=\"_blank\" rel=\"noopener\">Microsoft Edge<\/a><br \/>\n<a href=\"http:\/\/www.opera.com\/help\/tutorials\/security\/cookies\/\" target=\"_blank\" rel=\"noopener\">Opera<\/a><br \/>\n<a href=\"http:\/\/support.apple.com\/kb\/PH11913\" target=\"_blank\" rel=\"noopener\">Safari<\/a><br \/>\n<a href=\"https:\/\/support.google.com\/android\/?hl=sl\" target=\"_blank\" rel=\"noopener\">Google Android<\/a><br \/>\n<a href=\"http:\/\/www.microsoft.com\/windowsphone\/en-us\/howto\/wp7\/web\/changing-privacy-and-other-browser-settings.aspx\" target=\"_blank\" rel=\"noopener\">Windows Phone<\/a><br \/>\n<a href=\"http:\/\/docs.blackberry.com\/en\/smartphone_users\/deliverables\/32004\/Browser_settings_32784_11.jsp\" target=\"_blank\" rel=\"noopener\">Blackberry<\/a><\/p>\n<p>[\/et_pb_text][\/et_pb_column][\/et_pb_row][et_pb_row _builder_version=&#8221;3.0.105&#8243;][et_pb_column type=&#8221;4_4&#8243;][et_pb_text _builder_version=&#8221;3.0.105&#8243;]<\/p>\n<p>With all these cookies some real home-baked ones came to our mind. So we went to search on Kulinarika portal to find <a href=\"https:\/\/www.kulinarika.net\/recepti\/21535\/sladice\/malinini-razpokancki\/\" target=\"_blank\" rel=\"noopener noreferrer\" title=\"Recept za malinine razpokan\u010dke na portalu Kulinarika.net\">this top recipe for raspberry cookies<\/a>.<\/p>\n<p>[\/et_pb_text][\/et_pb_column][\/et_pb_row][et_pb_row _builder_version=&#8221;3.0.105&#8243;][et_pb_column type=&#8221;1_3&#8243;][et_pb_image src=&#8221;\/wp-content\/uploads\/2018\/03\/malinini.razpokancni.kulinarika.jpg&#8221; alt=&#8221;Raspberry cookies&#8221; title_text=&#8221;Source: kulinarika.net, author: Trixi&#8221; show_in_lightbox=&#8221;on&#8221; _builder_version=&#8221;3.0.106&#8243; url_new_window=&#8221;off&#8221; use_overlay=&#8221;off&#8221; always_center_on_mobile=&#8221;on&#8221; force_fullwidth=&#8221;off&#8221; show_bottom_space=&#8221;on&#8221; \/][\/et_pb_column][et_pb_column type=&#8221;1_3&#8243;][et_pb_text _builder_version=&#8221;3.0.105&#8243; header_font=&#8221;||||||||&#8221; header_4_font=&#8221;|700|||||||&#8221;]<\/p>\n<h4>Ingredients<\/h4>\n<p>For about 65 cookies, we need:<\/p>\n<ul>\n<li>100 g butter<\/li>\n<li>100 g of ground sugar<\/li>\n<li>1 egg<\/li>\n<li>250 g of flour<\/li>\n<li>1\/2 bag of baking powder<\/li>\n<li>75 g of ground raspberries<\/li>\n<li>teaspoon of pasta in pink colour<\/li>\n<li>crystalline sugar<\/li>\n<li>ground sugar<\/li>\n<\/ul>\n<p>[\/et_pb_text][\/et_pb_column][et_pb_column type=&#8221;1_3&#8243;][et_pb_text _builder_version=&#8221;3.0.105&#8243; header_font=&#8221;||||||||&#8221; header_4_font=&#8221;|700|||||||&#8221;]<\/p>\n<h4>Preparation instructions<\/h4>\n<ol>\n<li>Mix the softened butter with sugar. Add egg, raspberry pulp, baking powder with baking powder and pasta. Leave in the refrigerator for at least two hours.<\/li>\n<li>Let&#8217;s make the balls 2 cm in diameter and first get them into crystalline sugar, then in minced sugar.<\/li>\n<li>Bake for 10 minutes at 180 degrees in a pre-heated oven.<\/li>\n<\/ol>\n<p>[\/et_pb_text][\/et_pb_column][\/et_pb_row][\/et_pb_section]<\/p>\n","protected":false},"excerpt":{"rendered":"<p>General terms of use of the website You are on the \u0160ola prihodnosti Martibor&#8217;s website. Your access to this site and its use are governed by these general terms and conditions. General The owner of the web pages and the web domain www.sola-prihodnosti.si (hereinafter: the website) is the \u0160ola prihodnosti Maribor, Ulica \u0161kofa Maksimilijana Dr\u017ee\u010dnika [&hellip;]<\/p>\n","protected":false},"author":1,"featured_media":0,"parent":0,"menu_order":0,"comment_status":"closed","ping_status":"closed","template":"","meta":{"_et_pb_use_builder":"on","_et_pb_old_content":"","_et_gb_content_width":"","footnotes":""},"class_list":["post-1300","page","type-page","status-publish","hentry"],"_links":{"self":[{"href":"https:\/\/www.sola-prihodnosti.si\/en\/wp-json\/wp\/v2\/pages\/1300","targetHints":{"allow":["GET"]}}],"collection":[{"href":"https:\/\/www.sola-prihodnosti.si\/en\/wp-json\/wp\/v2\/pages"}],"about":[{"href":"https:\/\/www.sola-prihodnosti.si\/en\/wp-json\/wp\/v2\/types\/page"}],"author":[{"embeddable":true,"href":"https:\/\/www.sola-prihodnosti.si\/en\/wp-json\/wp\/v2\/users\/1"}],"replies":[{"embeddable":true,"href":"https:\/\/www.sola-prihodnosti.si\/en\/wp-json\/wp\/v2\/comments?post=1300"}],"version-history":[{"count":0,"href":"https:\/\/www.sola-prihodnosti.si\/en\/wp-json\/wp\/v2\/pages\/1300\/revisions"}],"wp:attachment":[{"href":"https:\/\/www.sola-prihodnosti.si\/en\/wp-json\/wp\/v2\/media?parent=1300"}],"curies":[{"name":"wp","href":"https:\/\/api.w.org\/{rel}","templated":true}]}}